{"id":5713,"date":"2023-12-26T14:54:48","date_gmt":"2023-12-26T13:54:48","guid":{"rendered":"https:\/\/monecoledigitale.com\/?page_id=5713"},"modified":"2024-02-15T19:56:29","modified_gmt":"2024-02-15T18:56:29","slug":"mentions-legales","status":"publish","type":"page","link":"https:\/\/monecoledigitale.com\/en\/mentions-legales\/","title":{"rendered":"Mentions l\u00e9gales"},"content":{"rendered":"<p><div class=\"fusion-fullwidth fullwidth-box fusion-builder-row-1 fusion-flex-container has-pattern-background has-mask-background fusion-parallax-none hundred-percent-fullwidth non-hundred-percent-height-scrolling lazyload\" style=\"--awb-background-position:center top;--awb-border-radius-top-left:0px;--awb-border-radius-top-right:0px;--awb-border-radius-bottom-right:0px;--awb-border-radius-bottom-left:0px;--awb-margin-top:-60px;--awb-margin-bottom:30px;--awb-min-height:400px;--awb-background-size:cover;--awb-flex-wrap:wrap;\" data-bg=\"https:\/\/monecoledigitale.com\/wp-content\/uploads\/2021\/11\/banner-06.jpg\" ><div class=\"fusion-builder-row fusion-row fusion-flex-align-items-flex-start fusion-flex-content-wrap\" style=\"width:104% !important;max-width:104% !important;margin-left: calc(-4% \/ 2 );margin-right: calc(-4% \/ 2 );\"><div class=\"fusion-layout-column fusion_builder_column fusion-builder-column-0 fusion_builder_column_1_1 1_1 fusion-flex-column\" style=\"--awb-bg-size:cover;--awb-width-large:100%;--awb-margin-top-large:0px;--awb-spacing-right-large:1.92%;--awb-margin-bottom-large:20px;--awb-spacing-left-large:1.92%;--awb-width-medium:100%;--awb-order-medium:0;--awb-spacing-right-medium:1.92%;--awb-spacing-left-medium:1.92%;--awb-width-small:100%;--awb-order-small:0;--awb-spacing-right-small:1.92%;--awb-spacing-left-small:1.92%;\"><div class=\"fusion-column-wrapper fusion-column-has-shadow fusion-flex-justify-content-flex-start fusion-content-layout-column\"><\/div><\/div><\/div><\/div><div class=\"fusion-fullwidth fullwidth-box fusion-builder-row-2 fusion-flex-container nonhundred-percent-fullwidth non-hundred-percent-height-scrolling\" style=\"--awb-border-radius-top-left:0px;--awb-border-radius-top-right:0px;--awb-border-radius-bottom-right:0px;--awb-border-radius-bottom-left:0px;--awb-flex-wrap:wrap;\" ><div class=\"fusion-builder-row fusion-row fusion-flex-align-items-flex-start fusion-flex-content-wrap\" style=\"max-width:1248px;margin-left: calc(-4% \/ 2 );margin-right: calc(-4% \/ 2 );\"><div class=\"fusion-layout-column fusion_builder_column fusion-builder-column-1 fusion_builder_column_1_1 1_1 fusion-flex-column\" style=\"--awb-bg-size:cover;--awb-width-large:100%;--awb-margin-top-large:0px;--awb-spacing-right-large:1.92%;--awb-margin-bottom-large:0px;--awb-spacing-left-large:1.92%;--awb-width-medium:100%;--awb-spacing-right-medium:1.92%;--awb-spacing-left-medium:1.92%;--awb-width-small:100%;--awb-spacing-right-small:1.92%;--awb-spacing-left-small:1.92%;\"><div class=\"fusion-column-wrapper fusion-flex-justify-content-flex-start fusion-content-layout-column\"><div class=\"fusion-text fusion-text-1\"><h3 style=\"text-align: center;\">Clause de confidentialit\u00e9<\/h3>\n<p>\u00ab\u00a0Mon \u00e9colde digitale\u00a0\u00bb s\u2019engage \u00e0 ne pas vendre, louer ou divulguer d\u2019une fa\u00e7on quelconque votre adresse \u00e9lectronique ou toute autre information personnelle.<br \/>\nConform\u00e9ment aux dispositions de la loi du n\u00b078-17 du 6 janvier 1978, vous disposez d\u2019un droit d\u2019acc\u00e8s, de rectification et d\u2019opposition sur les donn\u00e9es nominatives vous concernant.<\/p>\n<h4>Propri\u00e9t\u00e9 du site<\/h4>\n<p>\u201cMon \u00e9cole digitale\u201d fait partie du groupe AZUR FORMATION<\/p>\n<p>Immatriculation au RCS, num\u00e9ro 901 174 201 R.C.S Grasse<\/p>\n<p>Soci\u00e9t\u00e9 par action simplifi\u00e9e<\/p>\n<p>Capital social 2000 euros<\/p>\n<p>Le pr\u00e9sent site www.monecoledigitale est la propri\u00e9t\u00e9 de \u00ab\u00a0Mon \u00e9cole digitale\u00a0\u00bb, du groupe AZUR FORMATION \u00a0dont le si\u00e8ge social est situ\u00e9 au Parc des Bois de Grasse \u2013 1 avenue Louison Bobet \u2013 06130 GRASSE.<\/p>\n<p>Organisme de Formation enregistr\u00e9 sous le num\u00e9ro 93061091906 aupr\u00e8s du Pr\u00e9fet de la R\u00e9gion PACA<\/p>\n<h4>Contenu du site<\/h4>\n<p>Le contenu du site est compos\u00e9 par sa structure g\u00e9n\u00e9rale et les \u00e9l\u00e9ments le composant : textes, images anim\u00e9es ou non, sons et \u00e9l\u00e9ments multim\u00e9dia.<br \/>\nToute repr\u00e9sentation totale ou partielle de ce site et de son contenu, par quelques proc\u00e9d\u00e9s que se soient, sans autorisation pr\u00e9alable expresse de \u00ab\u00a0Mon \u00e9cole digitale\u00a0\u00bb, est interdite et constituerait une contrefa\u00e7on sanctionn\u00e9e par les articles L335-2 et suivants du code de la propri\u00e9t\u00e9 intellectuelle.<br \/>\nToutes les images, les textes et les descriptifs du site ne sont en aucun cas contractuels.<\/p>\n<h4>Propri\u00e9t\u00e9s intellectuelles<\/h4>\n<p>Les contenus de ce site (structure, design, texte, image, animation, logo) sont la propri\u00e9t\u00e9 exclusive de \u00ab\u00a0Mon \u00e9cole digitale\u00a0\u00bb. Toute repr\u00e9sentation totale ou partielle de ce site est soumise \u00e0 l\u2019autorisation pr\u00e9alable \u00e9crite et expresse de \u00ab\u00a0Mon \u00e9cole digitale\u00a0\u00bb.<\/p>\n<h4>Liens hypertextes<\/h4>\n<p>Les liens hypertextes mis en place dans le cadre du pr\u00e9sent site Web en direction d\u2019autres ressources pr\u00e9sentes sur le r\u00e9seau Internet, ne sauraient engager la responsabilit\u00e9 de \u00ab\u00a0Mon \u00e9cole digitale\u00a0\u00bb.<\/p>\n<h4>Loi informatique et libert\u00e9s<\/h4>\n<p>Les utilisateurs du site sont tenus de respecter les dispositions de la loi informatique, fichiers et libert\u00e9s, dont la violation est passible de sanctions p\u00e9nales. Ils doivent notamment s\u2019abstenir, s\u2019agissant des informations nominatives auxquelles ils acc\u00e8dent, de toute collecte, de toute utilisation d\u00e9tourn\u00e9e, et d\u2019une mani\u00e8re g\u00e9n\u00e9rale, de tout acte susceptible de porter atteinte \u00e0 la vie priv\u00e9e ou \u00e0 la r\u00e9putation des personnes. Les contrevenants s\u2019exposent \u00e0 des sanctions p\u00e9nales conform\u00e9ment aux dispositions de la section V du nouveau code p\u00e9nal intitul\u00e9 \u00ab des atteintes aux droits des personnes r\u00e9sultant des fichiers ou des traitements informatiques \u00bb et du chapitre III intitul\u00e9 \u00ab Des atteintes aux syst\u00e8mes de traitement automatis\u00e9 des donn\u00e9es \u00bb Les informations vous concernant que vous envoyez \u00e0 \u00ab\u00a0Mon \u00e9cole digitale\u00a0\u00bb ne feront pas l\u2019objet d\u2019une diffusion \u00e0 un tiers.<br \/>\nVous disposez d\u2019un droit d\u2019acc\u00e8s, de modification, de rectification et de suppression des donn\u00e9es qui vous concernent (art. 34 de la loi \u00ab Informatique et Libert\u00e9s\u00ab ). Pour l\u2019exercer, adressez-vous \u00e0 \u00ab\u00a0Mon \u00e9cole digitale\u00a0\u00bb par t\u00e9l\u00e9phone au 04 92 42 00 20 ou par e-mail contact@monecoledigitale.com .<\/p>\n<h4>H\u00e9bergement du site<\/h4>\n<p>La soci\u00e9t\u00e9 OVH assure l\u2019h\u00e9bergement du site www.monecoledigitale.com<\/p>\n<p>Cr\u00e9dits<\/p>\n<p>R\u00e9daction des textes : \u00ab\u00a0Mon \u00e9cole digitale\u00a0\u00bb<br \/>\nContact : contact@monecoledigitale.com<br \/>\nD\u00e9veloppement du site et conception graphique : visual-diffusion.com<\/p>\n<\/div><\/div><\/div><\/div><\/div><\/p>","protected":false},"excerpt":{"rendered":"","protected":false},"author":1,"featured_media":0,"parent":0,"menu_order":0,"comment_status":"closed","ping_status":"open","template":"100-width.php","meta":{"footnotes":""},"class_list":["post-5713","page","type-page","status-publish","hentry"],"yoast_head":"<!-- This site is optimized with the Yoast SEO plugin v27.4 - https:\/\/yoast.com\/product\/yoast-seo-wordpress\/ -->\n<title>Mentions l\u00e9gales - Mon \u00e9cole Digitale<\/title>\n<meta name=\"robots\" content=\"index, follow, max-snippet:-1, max-image-preview:large, max-video-preview:-1\" \/>\n<link rel=\"canonical\" href=\"https:\/\/monecoledigitale.com\/en\/mentions-legales\/\" \/>\n<meta property=\"og:locale\" content=\"en_US\" \/>\n<meta property=\"og:type\" content=\"article\" \/>\n<meta property=\"og:title\" content=\"Mentions l\u00e9gales - Mon \u00e9cole Digitale\" \/>\n<meta property=\"og:url\" content=\"https:\/\/monecoledigitale.com\/en\/mentions-legales\/\" \/>\n<meta property=\"og:site_name\" content=\"Mon \u00e9cole Digitale\" \/>\n<meta property=\"article:modified_time\" content=\"2024-02-15T18:56:29+00:00\" \/>\n<meta property=\"og:image\" content=\"https:\/\/monecoledigitale.com\/wp-content\/uploads\/2024\/01\/logo-azur-formation-bureau.png\" \/>\n\t<meta property=\"og:image:width\" content=\"300\" \/>\n\t<meta property=\"og:image:height\" content=\"68\" \/>\n\t<meta property=\"og:image:type\" content=\"image\/png\" \/>\n<meta name=\"twitter:card\" content=\"summary_large_image\" \/>\n<meta name=\"twitter:label1\" content=\"Est. reading time\" \/>\n\t<meta name=\"twitter:data1\" content=\"3 minutes\" \/>\n<script type=\"application\/ld+json\" class=\"yoast-schema-graph\">{\"@context\":\"https:\\\/\\\/schema.org\",\"@graph\":[{\"@type\":\"WebPage\",\"@id\":\"https:\\\/\\\/monecoledigitale.com\\\/mentions-legales\\\/\",\"url\":\"https:\\\/\\\/monecoledigitale.com\\\/mentions-legales\\\/\",\"name\":\"Mentions l\u00e9gales - Mon \u00e9cole Digitale\",\"isPartOf\":{\"@id\":\"https:\\\/\\\/monecoledigitale.com\\\/#website\"},\"datePublished\":\"2023-12-26T13:54:48+00:00\",\"dateModified\":\"2024-02-15T18:56:29+00:00\",\"breadcrumb\":{\"@id\":\"https:\\\/\\\/monecoledigitale.com\\\/mentions-legales\\\/#breadcrumb\"},\"inLanguage\":\"en-US\",\"potentialAction\":[{\"@type\":\"ReadAction\",\"target\":[\"https:\\\/\\\/monecoledigitale.com\\\/mentions-legales\\\/\"]}]},{\"@type\":\"BreadcrumbList\",\"@id\":\"https:\\\/\\\/monecoledigitale.com\\\/mentions-legales\\\/#breadcrumb\",\"itemListElement\":[{\"@type\":\"ListItem\",\"position\":1,\"name\":\"Accueil\",\"item\":\"https:\\\/\\\/monecoledigitale.com\\\/\"},{\"@type\":\"ListItem\",\"position\":2,\"name\":\"Mentions l\u00e9gales\"}]},{\"@type\":\"WebSite\",\"@id\":\"https:\\\/\\\/monecoledigitale.com\\\/#website\",\"url\":\"https:\\\/\\\/monecoledigitale.com\\\/\",\"name\":\"Mon \u00e9cole Digitale\",\"description\":\"Groupe AZUR FORMATION\",\"potentialAction\":[{\"@type\":\"SearchAction\",\"target\":{\"@type\":\"EntryPoint\",\"urlTemplate\":\"https:\\\/\\\/monecoledigitale.com\\\/?s={search_term_string}\"},\"query-input\":{\"@type\":\"PropertyValueSpecification\",\"valueRequired\":true,\"valueName\":\"search_term_string\"}}],\"inLanguage\":\"en-US\"}]}<\/script>\n<!-- \/ Yoast SEO plugin. -->","yoast_head_json":{"title":"Mentions l\u00e9gales - Mon \u00e9cole Digitale","robots":{"index":"index","follow":"follow","max-snippet":"max-snippet:-1","max-image-preview":"max-image-preview:large","max-video-preview":"max-video-preview:-1"},"canonical":"https:\/\/monecoledigitale.com\/en\/mentions-legales\/","og_locale":"en_US","og_type":"article","og_title":"Mentions l\u00e9gales - Mon \u00e9cole Digitale","og_url":"https:\/\/monecoledigitale.com\/en\/mentions-legales\/","og_site_name":"Mon \u00e9cole Digitale","article_modified_time":"2024-02-15T18:56:29+00:00","og_image":[{"width":300,"height":68,"url":"https:\/\/monecoledigitale.com\/wp-content\/uploads\/2024\/01\/logo-azur-formation-bureau.png","type":"image\/png"}],"twitter_card":"summary_large_image","twitter_misc":{"Est. reading time":"3 minutes"},"schema":{"@context":"https:\/\/schema.org","@graph":[{"@type":"WebPage","@id":"https:\/\/monecoledigitale.com\/mentions-legales\/","url":"https:\/\/monecoledigitale.com\/mentions-legales\/","name":"Mentions l\u00e9gales - Mon \u00e9cole Digitale","isPartOf":{"@id":"https:\/\/monecoledigitale.com\/#website"},"datePublished":"2023-12-26T13:54:48+00:00","dateModified":"2024-02-15T18:56:29+00:00","breadcrumb":{"@id":"https:\/\/monecoledigitale.com\/mentions-legales\/#breadcrumb"},"inLanguage":"en-US","potentialAction":[{"@type":"ReadAction","target":["https:\/\/monecoledigitale.com\/mentions-legales\/"]}]},{"@type":"BreadcrumbList","@id":"https:\/\/monecoledigitale.com\/mentions-legales\/#breadcrumb","itemListElement":[{"@type":"ListItem","position":1,"name":"Accueil","item":"https:\/\/monecoledigitale.com\/"},{"@type":"ListItem","position":2,"name":"Mentions l\u00e9gales"}]},{"@type":"WebSite","@id":"https:\/\/monecoledigitale.com\/#website","url":"https:\/\/monecoledigitale.com\/","name":"Mon \u00e9cole Digitale","description":"Groupe AZUR FORMATION","potentialAction":[{"@type":"SearchAction","target":{"@type":"EntryPoint","urlTemplate":"https:\/\/monecoledigitale.com\/?s={search_term_string}"},"query-input":{"@type":"PropertyValueSpecification","valueRequired":true,"valueName":"search_term_string"}}],"inLanguage":"en-US"}]}},"_links":{"self":[{"href":"https:\/\/monecoledigitale.com\/en\/wp-json\/wp\/v2\/pages\/5713","targetHints":{"allow":["GET"]}}],"collection":[{"href":"https:\/\/monecoledigitale.com\/en\/wp-json\/wp\/v2\/pages"}],"about":[{"href":"https:\/\/monecoledigitale.com\/en\/wp-json\/wp\/v2\/types\/page"}],"author":[{"embeddable":true,"href":"https:\/\/monecoledigitale.com\/en\/wp-json\/wp\/v2\/users\/1"}],"replies":[{"embeddable":true,"href":"https:\/\/monecoledigitale.com\/en\/wp-json\/wp\/v2\/comments?post=5713"}],"version-history":[{"count":5,"href":"https:\/\/monecoledigitale.com\/en\/wp-json\/wp\/v2\/pages\/5713\/revisions"}],"predecessor-version":[{"id":6982,"href":"https:\/\/monecoledigitale.com\/en\/wp-json\/wp\/v2\/pages\/5713\/revisions\/6982"}],"wp:attachment":[{"href":"https:\/\/monecoledigitale.com\/en\/wp-json\/wp\/v2\/media?parent=5713"}],"curies":[{"name":"wp","href":"https:\/\/api.w.org\/{rel}","templated":true}]}}