{"id":5708,"date":"2023-12-26T14:46:31","date_gmt":"2023-12-26T13:46:31","guid":{"rendered":"https:\/\/monecoledigitale.com\/?page_id=5708"},"modified":"2024-02-15T19:44:18","modified_gmt":"2024-02-15T18:44:18","slug":"reglement-interieur","status":"publish","type":"page","link":"https:\/\/monecoledigitale.com\/en\/reglement-interieur\/","title":{"rendered":"R\u00e8glement int\u00e9rieur"},"content":{"rendered":"<p><div class=\"fusion-fullwidth fullwidth-box fusion-builder-row-1 fusion-flex-container has-pattern-background has-mask-background fusion-parallax-none hundred-percent-fullwidth non-hundred-percent-height-scrolling lazyload\" style=\"--awb-background-position:center top;--awb-border-radius-top-left:0px;--awb-border-radius-top-right:0px;--awb-border-radius-bottom-right:0px;--awb-border-radius-bottom-left:0px;--awb-margin-top:-60px;--awb-margin-bottom:30px;--awb-min-height:400px;--awb-background-size:cover;--awb-flex-wrap:wrap;\" data-bg=\"https:\/\/monecoledigitale.com\/wp-content\/uploads\/2021\/11\/banner-13.jpg\" ><div class=\"fusion-builder-row fusion-row fusion-flex-align-items-flex-start fusion-flex-content-wrap\" style=\"width:104% !important;max-width:104% !important;margin-left: calc(-4% \/ 2 );margin-right: calc(-4% \/ 2 );\"><div class=\"fusion-layout-column fusion_builder_column fusion-builder-column-0 fusion_builder_column_1_1 1_1 fusion-flex-column\" style=\"--awb-bg-size:cover;--awb-width-large:100%;--awb-margin-top-large:0px;--awb-spacing-right-large:1.92%;--awb-margin-bottom-large:20px;--awb-spacing-left-large:1.92%;--awb-width-medium:100%;--awb-order-medium:0;--awb-spacing-right-medium:1.92%;--awb-spacing-left-medium:1.92%;--awb-width-small:100%;--awb-order-small:0;--awb-spacing-right-small:1.92%;--awb-spacing-left-small:1.92%;\"><div class=\"fusion-column-wrapper fusion-column-has-shadow fusion-flex-justify-content-flex-start fusion-content-layout-column\"><\/div><\/div><\/div><\/div><div class=\"fusion-fullwidth fullwidth-box fusion-builder-row-2 fusion-flex-container nonhundred-percent-fullwidth non-hundred-percent-height-scrolling\" style=\"--awb-border-radius-top-left:0px;--awb-border-radius-top-right:0px;--awb-border-radius-bottom-right:0px;--awb-border-radius-bottom-left:0px;--awb-flex-wrap:wrap;\" ><div class=\"fusion-builder-row fusion-row fusion-flex-align-items-flex-start fusion-flex-content-wrap\" style=\"max-width:1248px;margin-left: calc(-4% \/ 2 );margin-right: calc(-4% \/ 2 );\"><div class=\"fusion-layout-column fusion_builder_column fusion-builder-column-1 fusion_builder_column_1_1 1_1 fusion-flex-column\" style=\"--awb-bg-size:cover;--awb-width-large:100%;--awb-margin-top-large:0px;--awb-spacing-right-large:1.92%;--awb-margin-bottom-large:0px;--awb-spacing-left-large:1.92%;--awb-width-medium:100%;--awb-spacing-right-medium:1.92%;--awb-spacing-left-medium:1.92%;--awb-width-small:100%;--awb-spacing-right-small:1.92%;--awb-spacing-left-small:1.92%;\"><div class=\"fusion-column-wrapper fusion-flex-justify-content-flex-start fusion-content-layout-column\"><div class=\"fusion-text fusion-text-1\"><h2 style=\"text-align: center;\">R\u00e8glement int\u00e9rieur<\/h2>\n<p><strong>Mon \u00e9cole digitale<\/strong> est un organisme de formation professionnel ind\u00e9pendant domicili\u00e9 \u00e0 Grasse. La soci\u00e9t\u00e9 est d\u00e9clar\u00e9e sous le num\u00e9ro de d\u00e9claration d\u2019activit\u00e9 93061091906 \u00e0 la Pr\u00e9fecture de PACA.<\/p>\n<hr \/>\n<h4>Article 1 :<\/h4>\n<p>le pr\u00e9sent R\u00e8glement Int\u00e9rieur a pour objet de d\u00e9finir les r\u00e8gles g\u00e9n\u00e9rales et permanentes et de pr\u00e9ciser la r\u00e9glementation en mati\u00e8re d\u2019hygi\u00e8ne et de s\u00e9curit\u00e9 ainsi que les r\u00e8gles relatives \u00e0 la discipline, notamment les sanctions applicables aux stagiaires et les droits de ceux-ci en cas de sanction.<\/p>\n<h4>Article 2 :<\/h4>\n<p><strong>Personnes concern\u00e9es :<\/strong> Le pr\u00e9sent R\u00e8glement s\u2019applique \u00e0 tous les stagiaires inscrits \u00e0 une session dispens\u00e9e par <strong>Mon \u00e9cole digitale<\/strong> et ce, pour toute la dur\u00e9e de la formation suivie.<\/p>\n<h4>Article 3 :<\/h4>\n<p><strong>Lieu de la formation :<\/strong> La formation aura lieu soit dans les locaux de <strong>Mon \u00e9cole digitale<\/strong>, soit dans des locaux ext\u00e9rieurs.<\/p>\n<h4>Article 4 :<\/h4>\n<p><strong>R\u00e8gles g\u00e9n\u00e9rales :<\/strong> Chaque stagiaire doit veiller \u00e0 sa s\u00e9curit\u00e9 personnelle et \u00e0 celle des autres en respectant les consignes g\u00e9n\u00e9rales et particuli\u00e8res de s\u00e9curit\u00e9 et d\u2019hygi\u00e8ne en vigueur sur le lieu de formation.<\/p>\n<h4>Article 5 :<\/h4>\n<p><strong>Boissons alcoolis\u00e9es :<\/strong> Il est interdit aux stagiaires de s\u00e9journer dans l\u2019\u00e9tablissement en \u00e9tat d\u2019ivresse ainsi que d\u2019y introduire des boissons alcoolis\u00e9es.<\/p>\n<h4>Article 6 :<\/h4>\n<p><strong>Interdiction de fumer :<\/strong> Il est interdit de fumer dans les locaux de formation.<\/p>\n<h4>Article 7 :<\/h4>\n<p><strong>Lieux de restauration :<\/strong> Il est interdit de prendre ses repas dans les salles o\u00f9 se d\u00e9roulent les stages.<\/p>\n<h4>Article 8 :<\/h4>\n<p><strong>Consignes d\u2019incendie :<\/strong>\u00a0 Les directives d&rsquo;urgence, incluant la visualisation des emplacements des extincteurs et des sorties de secours, sont pr\u00e9sent\u00e9es dans les espaces de formation de fa\u00e7on \u00e0 ce que tous les stagiaires en aient connaissance. Il est imp\u00e9ratif pour les stagiaires de suivre imm\u00e9diatement l&rsquo;instruction d&rsquo;\u00e9vacuation \u00e9manant soit de l&rsquo;animateur du stage, soit d&rsquo;un employ\u00e9 de l&rsquo;\u00e9tablissement.<\/p>\n<h4>Article 9 :<\/h4>\n<p><strong>Accident :<\/strong> Tout accident ou incident survenu \u00e0 l\u2019occasion ou en cours de formation doit \u00eatre imm\u00e9diatement d\u00e9clar\u00e9 par le stagiaire accident\u00e9 ou les personnes t\u00e9moins de l\u2019accident, au responsable de l\u2019organisme de formation.<\/p>\n<h4>Article 10 :<\/h4>\n<p><strong>Tenue et comportement :<\/strong> Les stagiaires sont invit\u00e9s \u00e0 se pr\u00e9senter au lieu de formation en tenue d\u00e9cente et \u00e0 avoir un comportement correct \u00e0 l\u2019\u00e9gard de toute personne pr\u00e9sente dans l\u2019organisme.<\/p>\n<h4>Article 11 :<\/h4>\n<p><strong>Horaires de stage :<\/strong> Les horaires de stage sont fix\u00e9s par <strong>Mon \u00e9cole digitale<\/strong> et port\u00e9s \u00e0 la connaissance des stagiaires par la convocation. Les stagiaires doivent se conformer aux modifications apport\u00e9es par <strong>Mon \u00e9cole digitale<\/strong> aux horaires d\u2019organisation du stage. Une fiche de pr\u00e9sence doit \u00eatre sign\u00e9e par le stagiaire au d\u00e9but de chaque demi-journ\u00e9e (matin et apr\u00e8s-midi).<\/p>\n<h4>Article 12 :<\/h4>\n<p><strong>Acc\u00e8s des stagiaires dans les locaux de l\u2019organisme :<\/strong> exclusivement pour suivre le stage auquel ils sont inscrits.<\/p>\n<h4>Article 13 :<\/h4>\n<p><strong>Usage du mat\u00e9riel :<\/strong> Chaque stagiaire doit conserver en bon \u00e9tat le mat\u00e9riel qui lui est confi\u00e9 en vue de sa formation.<\/p>\n<h4>Article 14 :<\/h4>\n<p><strong>Enregistrements :<\/strong> Il est interdit, sauf d\u00e9rogation expresse, d\u2019enregistrer ou de filmer les sessions de formation.<\/p>\n<h4>Article 15 :<\/h4>\n<p><strong>Documentation p\u00e9dagogique :<\/strong> La documentation p\u00e9dagogique remise lors des sessions de formation est prot\u00e9g\u00e9e au titre des droits d\u2019auteur et ne peut \u00eatre r\u00e9utilis\u00e9e autrement que pour un strict usage personnel.<\/p>\n<h4>Article 16 :<\/h4>\n<p><strong>Responsabilit\u00e9 de l\u2019organisme en cas de vol ou endommagement de biens personnels des stagiaires :<\/strong> <strong>Mon \u00e9cole digitale<\/strong> d\u00e9cline toute responsabilit\u00e9 en cas de perte, vol ou d\u00e9t\u00e9rioration des objets personnels de toute nature d\u00e9pos\u00e9s par les stagiaires dans les locaux de formation.<\/p>\n<h4>Article 17 :<\/h4>\n<p><strong>Sanctions et proc\u00e9dures disciplinaires :<\/strong> Tout manquement du stagiaire \u00e0 l\u2019une des dispositions du pr\u00e9sent R\u00e8glement Int\u00e9rieur pourra faire l\u2019objet d\u2019une sanction ou d\u2019une proc\u00e9dure disciplinaire r\u00e9gies par les articles R 6352-3 \u00e0 R 6532-8 du CT<\/p>\n<h4>Article 18 :<\/h4>\n<p><strong>Publicit\u00e9 :<\/strong> Le r\u00e8glement complet est affich\u00e9 dans les halls du centre et sur le site Internet de l\u2019organisme de formation. Un exemplaire simplifi\u00e9 du pr\u00e9sent r\u00e8glement est remis \u00e0 chaque stagiaire (avant toute inscription d\u00e9finitive)<\/p>\n<\/div><\/div><\/div><\/div><\/div><\/p>","protected":false},"excerpt":{"rendered":"","protected":false},"author":1,"featured_media":0,"parent":0,"menu_order":0,"comment_status":"closed","ping_status":"open","template":"100-width.php","meta":{"footnotes":""},"class_list":["post-5708","page","type-page","status-publish","hentry"],"yoast_head":"<!-- This site is optimized with the Yoast SEO plugin v27.4 - https:\/\/yoast.com\/product\/yoast-seo-wordpress\/ -->\n<title>R\u00e8glement int\u00e9rieur - Mon \u00e9cole Digitale<\/title>\n<meta name=\"robots\" content=\"index, follow, max-snippet:-1, max-image-preview:large, max-video-preview:-1\" \/>\n<link rel=\"canonical\" href=\"https:\/\/monecoledigitale.com\/en\/reglement-interieur\/\" \/>\n<meta property=\"og:locale\" content=\"en_US\" \/>\n<meta property=\"og:type\" content=\"article\" \/>\n<meta property=\"og:title\" content=\"R\u00e8glement int\u00e9rieur - Mon \u00e9cole Digitale\" \/>\n<meta property=\"og:url\" content=\"https:\/\/monecoledigitale.com\/en\/reglement-interieur\/\" \/>\n<meta property=\"og:site_name\" content=\"Mon \u00e9cole Digitale\" \/>\n<meta property=\"article:modified_time\" content=\"2024-02-15T18:44:18+00:00\" \/>\n<meta property=\"og:image\" content=\"https:\/\/monecoledigitale.com\/wp-content\/uploads\/2024\/01\/logo-azur-formation-bureau.png\" \/>\n\t<meta property=\"og:image:width\" content=\"300\" \/>\n\t<meta property=\"og:image:height\" content=\"68\" \/>\n\t<meta property=\"og:image:type\" content=\"image\/png\" \/>\n<meta name=\"twitter:card\" content=\"summary_large_image\" \/>\n<meta name=\"twitter:label1\" content=\"Est. reading time\" \/>\n\t<meta name=\"twitter:data1\" content=\"4 minutes\" \/>\n<script type=\"application\/ld+json\" class=\"yoast-schema-graph\">{\"@context\":\"https:\\\/\\\/schema.org\",\"@graph\":[{\"@type\":\"WebPage\",\"@id\":\"https:\\\/\\\/monecoledigitale.com\\\/reglement-interieur\\\/\",\"url\":\"https:\\\/\\\/monecoledigitale.com\\\/reglement-interieur\\\/\",\"name\":\"R\u00e8glement int\u00e9rieur - Mon \u00e9cole Digitale\",\"isPartOf\":{\"@id\":\"https:\\\/\\\/monecoledigitale.com\\\/#website\"},\"datePublished\":\"2023-12-26T13:46:31+00:00\",\"dateModified\":\"2024-02-15T18:44:18+00:00\",\"breadcrumb\":{\"@id\":\"https:\\\/\\\/monecoledigitale.com\\\/reglement-interieur\\\/#breadcrumb\"},\"inLanguage\":\"en-US\",\"potentialAction\":[{\"@type\":\"ReadAction\",\"target\":[\"https:\\\/\\\/monecoledigitale.com\\\/reglement-interieur\\\/\"]}]},{\"@type\":\"BreadcrumbList\",\"@id\":\"https:\\\/\\\/monecoledigitale.com\\\/reglement-interieur\\\/#breadcrumb\",\"itemListElement\":[{\"@type\":\"ListItem\",\"position\":1,\"name\":\"Accueil\",\"item\":\"https:\\\/\\\/monecoledigitale.com\\\/\"},{\"@type\":\"ListItem\",\"position\":2,\"name\":\"R\u00e8glement int\u00e9rieur\"}]},{\"@type\":\"WebSite\",\"@id\":\"https:\\\/\\\/monecoledigitale.com\\\/#website\",\"url\":\"https:\\\/\\\/monecoledigitale.com\\\/\",\"name\":\"Mon \u00e9cole Digitale\",\"description\":\"Groupe AZUR FORMATION\",\"potentialAction\":[{\"@type\":\"SearchAction\",\"target\":{\"@type\":\"EntryPoint\",\"urlTemplate\":\"https:\\\/\\\/monecoledigitale.com\\\/?s={search_term_string}\"},\"query-input\":{\"@type\":\"PropertyValueSpecification\",\"valueRequired\":true,\"valueName\":\"search_term_string\"}}],\"inLanguage\":\"en-US\"}]}<\/script>\n<!-- \/ Yoast SEO plugin. -->","yoast_head_json":{"title":"R\u00e8glement int\u00e9rieur - Mon \u00e9cole Digitale","robots":{"index":"index","follow":"follow","max-snippet":"max-snippet:-1","max-image-preview":"max-image-preview:large","max-video-preview":"max-video-preview:-1"},"canonical":"https:\/\/monecoledigitale.com\/en\/reglement-interieur\/","og_locale":"en_US","og_type":"article","og_title":"R\u00e8glement int\u00e9rieur - Mon \u00e9cole Digitale","og_url":"https:\/\/monecoledigitale.com\/en\/reglement-interieur\/","og_site_name":"Mon \u00e9cole Digitale","article_modified_time":"2024-02-15T18:44:18+00:00","og_image":[{"width":300,"height":68,"url":"https:\/\/monecoledigitale.com\/wp-content\/uploads\/2024\/01\/logo-azur-formation-bureau.png","type":"image\/png"}],"twitter_card":"summary_large_image","twitter_misc":{"Est. reading time":"4 minutes"},"schema":{"@context":"https:\/\/schema.org","@graph":[{"@type":"WebPage","@id":"https:\/\/monecoledigitale.com\/reglement-interieur\/","url":"https:\/\/monecoledigitale.com\/reglement-interieur\/","name":"R\u00e8glement int\u00e9rieur - Mon \u00e9cole Digitale","isPartOf":{"@id":"https:\/\/monecoledigitale.com\/#website"},"datePublished":"2023-12-26T13:46:31+00:00","dateModified":"2024-02-15T18:44:18+00:00","breadcrumb":{"@id":"https:\/\/monecoledigitale.com\/reglement-interieur\/#breadcrumb"},"inLanguage":"en-US","potentialAction":[{"@type":"ReadAction","target":["https:\/\/monecoledigitale.com\/reglement-interieur\/"]}]},{"@type":"BreadcrumbList","@id":"https:\/\/monecoledigitale.com\/reglement-interieur\/#breadcrumb","itemListElement":[{"@type":"ListItem","position":1,"name":"Accueil","item":"https:\/\/monecoledigitale.com\/"},{"@type":"ListItem","position":2,"name":"R\u00e8glement int\u00e9rieur"}]},{"@type":"WebSite","@id":"https:\/\/monecoledigitale.com\/#website","url":"https:\/\/monecoledigitale.com\/","name":"Mon \u00e9cole Digitale","description":"Groupe AZUR FORMATION","potentialAction":[{"@type":"SearchAction","target":{"@type":"EntryPoint","urlTemplate":"https:\/\/monecoledigitale.com\/?s={search_term_string}"},"query-input":{"@type":"PropertyValueSpecification","valueRequired":true,"valueName":"search_term_string"}}],"inLanguage":"en-US"}]}},"_links":{"self":[{"href":"https:\/\/monecoledigitale.com\/en\/wp-json\/wp\/v2\/pages\/5708","targetHints":{"allow":["GET"]}}],"collection":[{"href":"https:\/\/monecoledigitale.com\/en\/wp-json\/wp\/v2\/pages"}],"about":[{"href":"https:\/\/monecoledigitale.com\/en\/wp-json\/wp\/v2\/types\/page"}],"author":[{"embeddable":true,"href":"https:\/\/monecoledigitale.com\/en\/wp-json\/wp\/v2\/users\/1"}],"replies":[{"embeddable":true,"href":"https:\/\/monecoledigitale.com\/en\/wp-json\/wp\/v2\/comments?post=5708"}],"version-history":[{"count":7,"href":"https:\/\/monecoledigitale.com\/en\/wp-json\/wp\/v2\/pages\/5708\/revisions"}],"predecessor-version":[{"id":6979,"href":"https:\/\/monecoledigitale.com\/en\/wp-json\/wp\/v2\/pages\/5708\/revisions\/6979"}],"wp:attachment":[{"href":"https:\/\/monecoledigitale.com\/en\/wp-json\/wp\/v2\/media?parent=5708"}],"curies":[{"name":"wp","href":"https:\/\/api.w.org\/{rel}","templated":true}]}}